{"id":2375,"date":"2018-07-23T19:35:21","date_gmt":"2018-07-23T17:35:21","guid":{"rendered":"https:\/\/www.lfbachiques.com\/?page_id=2375"},"modified":"2019-09-29T21:19:54","modified_gmt":"2019-09-29T19:19:54","slug":"home","status":"publish","type":"page","link":"https:\/\/lfbachiques.com\/en\/","title":{"rendered":"Home"},"content":{"rendered":"<h2><em>New arrivals<\/em><\/h2>\n<div class=\"woocommerce columns-2 \"><ul class=\"products columns-2\">\n<li class=\"product type-product post-42229 status-publish first instock product_cat-champagne-2 product_cat-nouveau product_cat-tout has-post-thumbnail taxable shipping-taxable purchasable product-type-simple\">\n\t<a href=\"https:\/\/lfbachiques.com\/en\/product\/2004-mandois-champagne-brut-1er-cru-blanc-de-blancs\/\" class=\"woocommerce-LoopProduct-link woocommerce-loop-product__link\"><img loading=\"lazy\" decoding=\"async\" width=\"324\" height=\"324\" src=\"https:\/\/lfbachiques.com\/ecom\/wp-content\/uploads\/2026\/03\/11541-1-324x324.jpg\" class=\"attachment-woocommerce_thumbnail size-woocommerce_thumbnail\" alt=\"2004, Mandois, Champagne Brut 1er Cru Blanc de Blancs\" srcset=\"https:\/\/lfbachiques.com\/ecom\/wp-content\/uploads\/2026\/03\/11541-1-324x324.jpg 324w, https:\/\/lfbachiques.com\/ecom\/wp-content\/uploads\/2026\/03\/11541-1-150x150.jpg 150w, https:\/\/lfbachiques.com\/ecom\/wp-content\/uploads\/2026\/03\/11541-1-100x100.jpg 100w\" sizes=\"auto, (max-width: 324px) 100vw, 324px\" \/><h2 class=\"woocommerce-loop-product__title\">2004, Mandois, Champagne Brut 1er Cru Blanc de Blancs<\/h2>\n\t<span class=\"price\"><span class=\"woocommerce-Price-amount amount\"><bdi><span class=\"woocommerce-Price-currencySymbol\">&euro;<\/span>100.00<\/bdi><\/span> <small class=\"woocommerce-price-suffix\">ex. VAT \/ <span class=\"woocommerce-Price-amount amount\"><bdi><span class=\"woocommerce-Price-currencySymbol\">&euro;<\/span>100.00<\/bdi><\/span> inc. VAT<\/small><\/span>\n<\/a><a href=\"\/en\/wp-json\/wp\/v2\/pages\/2375?add-to-cart=42229\" aria-describedby=\"woocommerce_loop_add_to_cart_link_describedby_42229\" data-quantity=\"1\" class=\"button product_type_simple add_to_cart_button ajax_add_to_cart\" data-product_id=\"42229\" data-product_sku=\"11541\" aria-label=\"Add to basket: &ldquo;2004, Mandois, Champagne Brut 1er Cru Blanc de Blancs&rdquo;\" rel=\"nofollow\" data-success_message=\"&ldquo;2004, Mandois, Champagne Brut 1er Cru Blanc de Blancs&rdquo; has been added to your cart\" role=\"button\">Add to basket<\/a>\t<span id=\"woocommerce_loop_add_to_cart_link_describedby_42229\" class=\"screen-reader-text\">\n\t\t\t<\/span>\n<\/li>\n<li class=\"product type-product post-42227 status-publish last instock product_cat-nouveau product_cat-rhone-3 product_cat-tout has-post-thumbnail taxable shipping-taxable purchasable product-type-simple\">\n\t<a href=\"https:\/\/lfbachiques.com\/en\/product\/2004-e-guigal-cote-rotie\/\" class=\"woocommerce-LoopProduct-link woocommerce-loop-product__link\"><img loading=\"lazy\" decoding=\"async\" width=\"324\" height=\"324\" src=\"https:\/\/lfbachiques.com\/ecom\/wp-content\/uploads\/2026\/03\/11540-1-324x324.jpg\" class=\"attachment-woocommerce_thumbnail size-woocommerce_thumbnail\" alt=\"2004, E. Guigal, C\u00f4te-R\u00f4tie\" srcset=\"https:\/\/lfbachiques.com\/ecom\/wp-content\/uploads\/2026\/03\/11540-1-324x324.jpg 324w, https:\/\/lfbachiques.com\/ecom\/wp-content\/uploads\/2026\/03\/11540-1-150x150.jpg 150w, https:\/\/lfbachiques.com\/ecom\/wp-content\/uploads\/2026\/03\/11540-1-100x100.jpg 100w\" sizes=\"auto, (max-width: 324px) 100vw, 324px\" \/><h2 class=\"woocommerce-loop-product__title\">2004, E. Guigal, C\u00f4te-R\u00f4tie<\/h2>\n\t<span class=\"price\"><span class=\"woocommerce-Price-amount amount\"><bdi><span class=\"woocommerce-Price-currencySymbol\">&euro;<\/span>130.00<\/bdi><\/span> <small class=\"woocommerce-price-suffix\">ex. VAT \/ <span class=\"woocommerce-Price-amount amount\"><bdi><span class=\"woocommerce-Price-currencySymbol\">&euro;<\/span>130.00<\/bdi><\/span> inc. VAT<\/small><\/span>\n<\/a><a href=\"\/en\/wp-json\/wp\/v2\/pages\/2375?add-to-cart=42227\" aria-describedby=\"woocommerce_loop_add_to_cart_link_describedby_42227\" data-quantity=\"1\" class=\"button product_type_simple add_to_cart_button ajax_add_to_cart\" data-product_id=\"42227\" data-product_sku=\"11540\" aria-label=\"Add to basket: &ldquo;2004, E. Guigal, C\u00f4te-R\u00f4tie&rdquo;\" rel=\"nofollow\" data-success_message=\"&ldquo;2004, E. Guigal, C\u00f4te-R\u00f4tie&rdquo; has been added to your cart\" role=\"button\">Add to basket<\/a>\t<span id=\"woocommerce_loop_add_to_cart_link_describedby_42227\" class=\"screen-reader-text\">\n\t\t\t<\/span>\n<\/li>\n<li class=\"product type-product post-42223 status-publish first instock product_cat-champagne-2 product_cat-nouveau product_cat-tout has-post-thumbnail taxable shipping-taxable purchasable product-type-simple\">\n\t<a href=\"https:\/\/lfbachiques.com\/en\/product\/80-h-blin-co-tres-vieilles-fine-de-la-marne\/\" class=\"woocommerce-LoopProduct-link woocommerce-loop-product__link\"><img loading=\"lazy\" decoding=\"async\" width=\"324\" height=\"324\" src=\"https:\/\/lfbachiques.com\/ecom\/wp-content\/uploads\/2026\/03\/11538-1-324x324.jpg\" class=\"attachment-woocommerce_thumbnail size-woocommerce_thumbnail\" alt=\"80&#039;, H. Blin &amp; Co, Tr\u00e8s Vieilles Fine de la Marne\" srcset=\"https:\/\/lfbachiques.com\/ecom\/wp-content\/uploads\/2026\/03\/11538-1-324x324.jpg 324w, https:\/\/lfbachiques.com\/ecom\/wp-content\/uploads\/2026\/03\/11538-1-150x150.jpg 150w, https:\/\/lfbachiques.com\/ecom\/wp-content\/uploads\/2026\/03\/11538-1-100x100.jpg 100w\" sizes=\"auto, (max-width: 324px) 100vw, 324px\" \/><h2 class=\"woocommerce-loop-product__title\">80&#8242;, H. Blin &#038; Co, Tr\u00e8s Vieilles Fine de la Marne<\/h2>\n\t<span class=\"price\"><span class=\"woocommerce-Price-amount amount\"><bdi><span class=\"woocommerce-Price-currencySymbol\">&euro;<\/span>25.00<\/bdi><\/span> <small class=\"woocommerce-price-suffix\">ex. VAT \/ <span class=\"woocommerce-Price-amount amount\"><bdi><span class=\"woocommerce-Price-currencySymbol\">&euro;<\/span>25.00<\/bdi><\/span> inc. VAT<\/small><\/span>\n<\/a><a href=\"\/en\/wp-json\/wp\/v2\/pages\/2375?add-to-cart=42223\" aria-describedby=\"woocommerce_loop_add_to_cart_link_describedby_42223\" data-quantity=\"1\" class=\"button product_type_simple add_to_cart_button ajax_add_to_cart\" data-product_id=\"42223\" data-product_sku=\"11538\" aria-label=\"Add to basket: &ldquo;80&#039;, H. Blin &amp; Co, Tr\u00e8s Vieilles Fine de la Marne&rdquo;\" rel=\"nofollow\" data-success_message=\"&ldquo;80&#039;, H. Blin &amp; Co, Tr\u00e8s Vieilles Fine de la Marne&rdquo; has been added to your cart\" role=\"button\">Add to basket<\/a>\t<span id=\"woocommerce_loop_add_to_cart_link_describedby_42223\" class=\"screen-reader-text\">\n\t\t\t<\/span>\n<\/li>\n<li class=\"product type-product post-42219 status-publish last instock product_cat-nouveau product_cat-tout product_cat-champagne-2 has-post-thumbnail taxable shipping-taxable purchasable product-type-simple\">\n\t<a href=\"https:\/\/lfbachiques.com\/en\/product\/70-pommery-marc-de-champagne\/\" class=\"woocommerce-LoopProduct-link woocommerce-loop-product__link\"><img loading=\"lazy\" decoding=\"async\" width=\"324\" height=\"324\" src=\"https:\/\/lfbachiques.com\/ecom\/wp-content\/uploads\/2026\/03\/11536-1-324x324.jpg\" class=\"attachment-woocommerce_thumbnail size-woocommerce_thumbnail\" alt=\"70&#039;, Pommery, Marc de Champagne\" srcset=\"https:\/\/lfbachiques.com\/ecom\/wp-content\/uploads\/2026\/03\/11536-1-324x324.jpg 324w, https:\/\/lfbachiques.com\/ecom\/wp-content\/uploads\/2026\/03\/11536-1-150x150.jpg 150w, https:\/\/lfbachiques.com\/ecom\/wp-content\/uploads\/2026\/03\/11536-1-100x100.jpg 100w\" sizes=\"auto, (max-width: 324px) 100vw, 324px\" \/><h2 class=\"woocommerce-loop-product__title\">70&#8242;, Pommery, Marc de Champagne<\/h2>\n\t<span class=\"price\"><span class=\"woocommerce-Price-amount amount\"><bdi><span class=\"woocommerce-Price-currencySymbol\">&euro;<\/span>40.00<\/bdi><\/span> <small class=\"woocommerce-price-suffix\">ex. VAT \/ <span class=\"woocommerce-Price-amount amount\"><bdi><span class=\"woocommerce-Price-currencySymbol\">&euro;<\/span>40.00<\/bdi><\/span> inc. VAT<\/small><\/span>\n<\/a><a href=\"\/en\/wp-json\/wp\/v2\/pages\/2375?add-to-cart=42219\" aria-describedby=\"woocommerce_loop_add_to_cart_link_describedby_42219\" data-quantity=\"1\" class=\"button product_type_simple add_to_cart_button ajax_add_to_cart\" data-product_id=\"42219\" data-product_sku=\"11536\" aria-label=\"Add to basket: &ldquo;70&#039;, Pommery, Marc de Champagne&rdquo;\" rel=\"nofollow\" data-success_message=\"&ldquo;70&#039;, Pommery, Marc de Champagne&rdquo; has been added to your cart\" role=\"button\">Add to basket<\/a>\t<span id=\"woocommerce_loop_add_to_cart_link_describedby_42219\" class=\"screen-reader-text\">\n\t\t\t<\/span>\n<\/li>\n<\/ul>\n<\/div>\n","protected":false},"excerpt":{"rendered":"<p>New arrivals<\/p>\n","protected":false},"author":1,"featured_media":0,"parent":0,"menu_order":0,"comment_status":"closed","ping_status":"closed","template":"","meta":{"footnotes":""},"class_list":["post-2375","page","type-page","status-publish","hentry"],"yoast_head":"<!-- This site is optimized with the Yoast SEO plugin v26.8 - https:\/\/yoast.com\/product\/yoast-seo-wordpress\/ -->\n<title>Les Folies Bachiques - Rare wines<\/title>\n<meta name=\"description\" content=\"Les Folies Bachiques vous proposent une s\u00e9lection de grands vins et spiritueux \u00e0 maturit\u00e9s, anciens, rares et exceptionnels. Achat de vins et spiritueux.\" \/>\n<meta name=\"robots\" content=\"index, follow, max-snippet:-1, max-image-preview:large, max-video-preview:-1\" \/>\n<link rel=\"canonical\" href=\"https:\/\/lfbachiques.com\/en\/\" \/>\n<meta property=\"og:locale\" content=\"en_GB\" \/>\n<meta property=\"og:locale:alternate\" content=\"fr_FR\" \/>\n<meta property=\"og:type\" content=\"article\" \/>\n<meta property=\"og:title\" content=\"Les Folies Bachiques - Rare wines\" \/>\n<meta property=\"og:description\" content=\"Les Folies Bachiques vous proposent une s\u00e9lection de grands vins et spiritueux \u00e0 maturit\u00e9s, anciens, rares et exceptionnels. Achat de vins et spiritueux.\" \/>\n<meta property=\"og:url\" content=\"https:\/\/lfbachiques.com\/en\/\" \/>\n<meta property=\"og:site_name\" content=\"Les Folies Bachiques\" \/>\n<meta property=\"article:modified_time\" content=\"2019-09-29T19:19:54+00:00\" \/>\n<meta name=\"twitter:card\" content=\"summary_large_image\" \/>\n<script type=\"application\/ld+json\" class=\"yoast-schema-graph\">{\"@context\":\"https:\/\/schema.org\",\"@graph\":[{\"@type\":\"WebPage\",\"@id\":\"https:\/\/lfbachiques.com\/\",\"url\":\"https:\/\/lfbachiques.com\/\",\"name\":\"Les Folies Bachiques - Rare wines\",\"isPartOf\":{\"@id\":\"https:\/\/lfbachiques.com\/#website\"},\"datePublished\":\"2018-07-23T17:35:21+00:00\",\"dateModified\":\"2019-09-29T19:19:54+00:00\",\"description\":\"Les Folies Bachiques vous proposent une s\u00e9lection de grands vins et spiritueux \u00e0 maturit\u00e9s, anciens, rares et exceptionnels. Achat de vins et spiritueux.\",\"breadcrumb\":{\"@id\":\"https:\/\/lfbachiques.com\/#breadcrumb\"},\"inLanguage\":\"en-GB\",\"potentialAction\":[{\"@type\":\"ReadAction\",\"target\":[\"https:\/\/lfbachiques.com\/\"]}]},{\"@type\":\"BreadcrumbList\",\"@id\":\"https:\/\/lfbachiques.com\/#breadcrumb\",\"itemListElement\":[{\"@type\":\"ListItem\",\"position\":1,\"name\":\"Accueil\",\"item\":\"https:\/\/lfbachiques.com\/\"},{\"@type\":\"ListItem\",\"position\":2,\"name\":\"Accueil\"}]},{\"@type\":\"WebSite\",\"@id\":\"https:\/\/lfbachiques.com\/#website\",\"url\":\"https:\/\/lfbachiques.com\/\",\"name\":\"Les Folies Bachiques\",\"description\":\"Rare wines\",\"publisher\":{\"@id\":\"https:\/\/lfbachiques.com\/#organization\"},\"potentialAction\":[{\"@type\":\"SearchAction\",\"target\":{\"@type\":\"EntryPoint\",\"urlTemplate\":\"https:\/\/lfbachiques.com\/?s={search_term_string}\"},\"query-input\":{\"@type\":\"PropertyValueSpecification\",\"valueRequired\":true,\"valueName\":\"search_term_string\"}}],\"inLanguage\":\"en-GB\"},{\"@type\":\"Organization\",\"@id\":\"https:\/\/lfbachiques.com\/#organization\",\"name\":\"Les Folies Bachiques\",\"url\":\"https:\/\/lfbachiques.com\/\",\"logo\":{\"@type\":\"ImageObject\",\"inLanguage\":\"en-GB\",\"@id\":\"https:\/\/lfbachiques.com\/#\/schema\/logo\/image\/\",\"url\":\"https:\/\/lfbachiques.com\/ecom\/wp-content\/uploads\/2018\/08\/IconLFB3.png\",\"contentUrl\":\"https:\/\/lfbachiques.com\/ecom\/wp-content\/uploads\/2018\/08\/IconLFB3.png\",\"width\":409,\"height\":253,\"caption\":\"Les Folies Bachiques\"},\"image\":{\"@id\":\"https:\/\/lfbachiques.com\/#\/schema\/logo\/image\/\"}}]}<\/script>\n<!-- \/ Yoast SEO plugin. -->","yoast_head_json":{"title":"Les Folies Bachiques - Rare wines","description":"Les Folies Bachiques vous proposent une s\u00e9lection de grands vins et spiritueux \u00e0 maturit\u00e9s, anciens, rares et exceptionnels. Achat de vins et spiritueux.","robots":{"index":"index","follow":"follow","max-snippet":"max-snippet:-1","max-image-preview":"max-image-preview:large","max-video-preview":"max-video-preview:-1"},"canonical":"https:\/\/lfbachiques.com\/en\/","og_locale":"en_GB","og_type":"article","og_title":"[:fr]Les Folies Bachiques - Rare wines[:]","og_description":"[:fr]Les Folies Bachiques vous proposent une s\u00e9lection de grands vins et spiritueux \u00e0 maturit\u00e9s, anciens, rares et exceptionnels. Achat de vins et spiritueux.[:]","og_url":"https:\/\/lfbachiques.com\/en\/","og_site_name":"Les Folies Bachiques","article_modified_time":"2019-09-29T19:19:54+00:00","twitter_card":"summary_large_image","schema":{"@context":"https:\/\/schema.org","@graph":[{"@type":"WebPage","@id":"https:\/\/lfbachiques.com\/","url":"https:\/\/lfbachiques.com\/","name":"Les Folies Bachiques - Rare wines","isPartOf":{"@id":"https:\/\/lfbachiques.com\/#website"},"datePublished":"2018-07-23T17:35:21+00:00","dateModified":"2019-09-29T19:19:54+00:00","description":"Les Folies Bachiques vous proposent une s\u00e9lection de grands vins et spiritueux \u00e0 maturit\u00e9s, anciens, rares et exceptionnels. Achat de vins et spiritueux.","breadcrumb":{"@id":"https:\/\/lfbachiques.com\/#breadcrumb"},"inLanguage":"en-GB","potentialAction":[{"@type":"ReadAction","target":["https:\/\/lfbachiques.com\/"]}]},{"@type":"BreadcrumbList","@id":"https:\/\/lfbachiques.com\/#breadcrumb","itemListElement":[{"@type":"ListItem","position":1,"name":"Accueil","item":"https:\/\/lfbachiques.com\/"},{"@type":"ListItem","position":2,"name":"Accueil"}]},{"@type":"WebSite","@id":"https:\/\/lfbachiques.com\/#website","url":"https:\/\/lfbachiques.com\/","name":"Les Folies Bachiques","description":"Rare wines","publisher":{"@id":"https:\/\/lfbachiques.com\/#organization"},"potentialAction":[{"@type":"SearchAction","target":{"@type":"EntryPoint","urlTemplate":"https:\/\/lfbachiques.com\/?s={search_term_string}"},"query-input":{"@type":"PropertyValueSpecification","valueRequired":true,"valueName":"search_term_string"}}],"inLanguage":"en-GB"},{"@type":"Organization","@id":"https:\/\/lfbachiques.com\/#organization","name":"Les Folies Bachiques","url":"https:\/\/lfbachiques.com\/","logo":{"@type":"ImageObject","inLanguage":"en-GB","@id":"https:\/\/lfbachiques.com\/#\/schema\/logo\/image\/","url":"https:\/\/lfbachiques.com\/ecom\/wp-content\/uploads\/2018\/08\/IconLFB3.png","contentUrl":"https:\/\/lfbachiques.com\/ecom\/wp-content\/uploads\/2018\/08\/IconLFB3.png","width":409,"height":253,"caption":"Les Folies Bachiques"},"image":{"@id":"https:\/\/lfbachiques.com\/#\/schema\/logo\/image\/"}}]}},"_links":{"self":[{"href":"https:\/\/lfbachiques.com\/en\/wp-json\/wp\/v2\/pages\/2375","targetHints":{"allow":["GET"]}}],"collection":[{"href":"https:\/\/lfbachiques.com\/en\/wp-json\/wp\/v2\/pages"}],"about":[{"href":"https:\/\/lfbachiques.com\/en\/wp-json\/wp\/v2\/types\/page"}],"author":[{"embeddable":true,"href":"https:\/\/lfbachiques.com\/en\/wp-json\/wp\/v2\/users\/1"}],"replies":[{"embeddable":true,"href":"https:\/\/lfbachiques.com\/en\/wp-json\/wp\/v2\/comments?post=2375"}],"version-history":[{"count":37,"href":"https:\/\/lfbachiques.com\/en\/wp-json\/wp\/v2\/pages\/2375\/revisions"}],"predecessor-version":[{"id":2626,"href":"https:\/\/lfbachiques.com\/en\/wp-json\/wp\/v2\/pages\/2375\/revisions\/2626"}],"wp:attachment":[{"href":"https:\/\/lfbachiques.com\/en\/wp-json\/wp\/v2\/media?parent=2375"}],"curies":[{"name":"wp","href":"https:\/\/api.w.org\/{rel}","templated":true}]}}